{"id":42,"date":"2023-03-05T12:47:05","date_gmt":"2023-03-05T12:47:05","guid":{"rendered":"https:\/\/romerschool.info\/?page_id=42"},"modified":"2023-11-17T23:53:28","modified_gmt":"2023-11-17T23:53:28","slug":"onze-school","status":"publish","type":"page","link":"https:\/\/romerschool.info\/?page_id=42","title":{"rendered":"Onze School"},"content":{"rendered":"\n<p>Wij heten al onze leerlingen van harte welkom op de M.M.R\u00f6merschool, een school waar leren een plezier is. Wij maken deel uit van het scholencorps van de Dienst Openbare Scholen en behoren tot de kleine groep van Nederlandstalige scholen op Cura\u00e7ao.<\/p>\n\n\n\n<p>De naam M.M. R\u00f6mer is afkomstig van de heer Michael Martinus R\u00f6mer. Hij heeft 40 jaar als onderwijzer gewerkt en daarnaast vele goede daden verricht ter bevordering van het onderwijs. Michael Martinus R\u00f6mer ontving twee onderscheidingen voor het vele goede werk dat hij voor het onderwijs heeft verricht. Uit het bovenstaande kan men opmaken, dat de <strong>M.M. R\u00f6merschool<\/strong> de naam draagt van een voorbeeldig en een zeer belangrijke Cura\u00e7ao\u00ebnaar.<\/p>\n\n\n\n<p><strong>M.M. R\u00f6merschool<\/strong><\/p>\n\n\n\n<div class=\"wp-block-group is-vertical is-layout-flex wp-container-core-group-is-layout-8cf370e7 wp-block-group-is-layout-flex\">\n<p>Directeur: Marisela Pereira <\/p>\n\n\n\n<p>Tel: 737-6034<\/p>\n\n\n\n<p>E-mail: m.pereira@dos.edu.cw\/ info@romerschool.com<\/p>\n<\/div>\n\n\n\n<p><\/p>\n\n\n\n<div class=\"wp-block-group is-vertical is-layout-flex wp-container-core-group-is-layout-8cf370e7 wp-block-group-is-layout-flex\">\n<p>Adjunct Directeur: Inoris Parisius- Godfried<\/p>\n\n\n\n<p>Tel: 737-6076 <\/p>\n\n\n\n<p>E-mail: i.godfried@dos.edu.cw <\/p>\n<\/div>\n\n\n\n<p><\/p>\n","protected":false},"excerpt":{"rendered":"<p>Wij heten al onze leerlingen van harte welkom op de M.M.R\u00f6merschool, een school waar leren een plezier is. Wij maken deel uit van het scholencorps van de Dienst Openbare Scholen en behoren tot de kleine groep van Nederlandstalige scholen op Cura\u00e7ao. De naam M.M. R\u00f6mer is afkomstig van de heer Michael Martinus R\u00f6mer. Hij heeft<\/p>\n","protected":false},"author":1,"featured_media":0,"parent":0,"menu_order":0,"comment_status":"closed","ping_status":"closed","template":"","meta":{"footnotes":""},"class_list":["post-42","page","type-page","status-publish","hentry"],"_links":{"self":[{"href":"https:\/\/romerschool.info\/index.php?rest_route=\/wp\/v2\/pages\/42","targetHints":{"allow":["GET"]}}],"collection":[{"href":"https:\/\/romerschool.info\/index.php?rest_route=\/wp\/v2\/pages"}],"about":[{"href":"https:\/\/romerschool.info\/index.php?rest_route=\/wp\/v2\/types\/page"}],"author":[{"embeddable":true,"href":"https:\/\/romerschool.info\/index.php?rest_route=\/wp\/v2\/users\/1"}],"replies":[{"embeddable":true,"href":"https:\/\/romerschool.info\/index.php?rest_route=%2Fwp%2Fv2%2Fcomments&post=42"}],"version-history":[{"count":6,"href":"https:\/\/romerschool.info\/index.php?rest_route=\/wp\/v2\/pages\/42\/revisions"}],"predecessor-version":[{"id":2774,"href":"https:\/\/romerschool.info\/index.php?rest_route=\/wp\/v2\/pages\/42\/revisions\/2774"}],"wp:attachment":[{"href":"https:\/\/romerschool.info\/index.php?rest_route=%2Fwp%2Fv2%2Fmedia&parent=42"}],"curies":[{"name":"wp","href":"https:\/\/api.w.org\/{rel}","templated":true}]}}